{"id":664,"date":"2024-05-23T16:52:37","date_gmt":"2024-05-23T19:52:37","guid":{"rendered":"https:\/\/www.lacolmenaescuelademusica.edu.ar\/blog\/?page_id=664"},"modified":"2025-09-17T12:17:27","modified_gmt":"2025-09-17T15:17:27","slug":"becas_n_o_laughlin","status":"publish","type":"page","link":"https:\/\/www.lacolmenaescuelademusica.edu.ar\/blog\/becas_n_o_laughlin\/","title":{"rendered":""},"content":{"rendered":"\n<hr class=\"wp-block-separator has-alpha-channel-opacity is-style-dots\"\/>\n\n\n\n<blockquote class=\"wp-block-quote is-layout-flow wp-block-quote-is-layout-flow\">\n<p>Becas N. O\u2019Laughlin<\/p>\n<\/blockquote>\n\n\n\n<p>La Beca N. O\u2019Laughlin consiste en una ayuda econ\u00f3mica que cubre los gastos de matr\u00edcula y respectivas mensualidades de una a\u00f1o acad\u00e9mico completo. <\/p>\n\n\n\n<p>En sus primeras 3 ediciones, el programa pudo otorgar 3 becas por a\u00f1o, distribu\u00eddas en estudiantes de 2do, 3ero y 4to a\u00f1o. A partir de su cuarta edici\u00f3n, en pos de seguir apostando a la formaci\u00f3n musical pero adatp\u00e1ndose a los costos actuales, el programa otorga una sola beca dirigida a estudiantes que pasen a cursar los dos \u00faltimos a\u00f1os de carrera en 2026, por lo cual est\u00e1 dirigida a estudiantes de La Colmena que cursan 2do y 3er a\u00f1o (durante 2025) de cualquiera de las tres carreras: Instrumentista; Composici\u00f3n, arreglos y producci\u00f3n (CAP); y Vocalista.<\/p>\n\n\n\n<p>El otorgamiento se realiza en base a un proceso de selecci\u00f3n minucioso y una audici\u00f3n en vivo frente a un jurado de m\u00fasicos y docentes de dentro y fuera de la instituci\u00f3n. <\/p>\n\n\n\n<p>A partir de esta 4ta edici\u00f3n, el jurado seleccionar\u00e1 a solo un\/a ganador\/a del total de estudiantes que se presentan, independientemente del a\u00f1o acad\u00e9mico (2do o 3ero) que est\u00e9n cursando en 2025.<\/p>\n\n\n\n<p>Si te interesa profundizar en las bases y condiciones <a href=\"https:\/\/www.lacolmenaescuelademusica.edu.ar\/blog\/wp-content\/uploads\/2025\/09\/Bases-y-condiciones-N-Olaughlin-2025-2026.docx\">pincha aqu\u00ed<\/a><\/p>\n\n\n\n<p><strong>SOBRE NOSOTROS<\/strong><\/p>\n\n\n\n<p>La familia O\u2019Laughlin ha establecido esta beca como homenaje a su hijo Nicol\u00e1s Rosso O\u2019Laughlin. Este joven estadounidense ten\u00eda fuertes v\u00ednculos familiares en C\u00f3rdoba y es por eso que la familia ha elegido <em>La Colmena <\/em>como instituci\u00f3n base para la gesti\u00f3n de esta beca.<\/p>\n\n\n\n<p>Nicol\u00e1s era una persona creativa, sensible y siempre dispuesta a dar una mano. Aunque su profesi\u00f3n era la ingenier\u00eda mec\u00e1nica, tambi\u00e9n era un amante de la m\u00fasica de la cual disfrutaba en todos sus aspectos. Su conexi\u00f3n con la m\u00fasica en el \u00e1mbito individual y comunitario es la inspiraci\u00f3n de esta beca.&nbsp;<\/p>\n\n\n\n<p>El motivo principal es apoyar a m\u00fasicos j\u00f3venes, alent\u00e1ndolos a continuar super\u00e1ndose. Esperamos que puedan aportar a la sociedad todo el bondadoso potencial que la m\u00fasica nos brinda, reconociendo como dec\u00eda Carl Maria Von Weber que<em> la m\u00fasica es el verdadero lenguaje universal<\/em><em>.<\/em><\/p>\n\n\n\n<p><strong>RESULTADOS<\/strong><\/p>\n\n\n\n<p><strong>Los estudiantes seleccionados para la beca 2023 fueron<\/strong>:<\/p>\n\n\n\n<ul class=\"wp-block-list\">\n<li>Juan Cruz Ochoa (1\u00b0 a\u00f1o &#8211; Vocalista)<\/li>\n\n\n\n<li>Julia Pillet (2\u00b0a\u00f1o &#8211; Composici\u00f3n, arreglos y producci\u00f3n)<\/li>\n\n\n\n<li>Rafael R\u00edos Navarrete (3\u00b0 a\u00f1o &#8211; Instrumentista &#8211; Piano)<\/li>\n<\/ul>\n\n\n\n<p><strong>Los estudiantes seleccionados para la beca 2024 fueron<\/strong>:<\/p>\n\n\n\n<ul class=\"wp-block-list\">\n<li>Malva Bifari (1\u00b0 a\u00f1o &#8211; Instrumentista &#8211; Viol\u00edn)<\/li>\n\n\n\n<li>Yako Kur\u00e1n (2\u00b0a\u00f1o &#8211; Instrumentista &#8211; Bater\u00eda)<\/li>\n\n\n\n<li>Francesca Pilla Barrera (3\u00b0 a\u00f1o &#8211; Vocalista)<\/li>\n<\/ul>\n\n\n\n<p><strong>Los estudiantes seleccionados para la beca 2025 fueron<\/strong>:<\/p>\n\n\n\n<ul class=\"wp-block-list\">\n<li>Nicol\u00e1s Carignano (3\u00b0 a\u00f1o &#8211; Instrumentista &#8211; Saxo)<\/li>\n\n\n\n<li>Pedro Toro (1\u00b0a\u00f1o &#8211; Instrumentista &#8211; Piano)<\/li>\n\n\n\n<li>Andrea Sanz (2\u00b0 a\u00f1o &#8211; Instrumentista &#8211; Viol\u00edn)<\/li>\n<\/ul>\n\n\n\n<p>Producci\u00f3n audiovisual con estudiantes ganadores de la beca disponible en nuestro <a href=\"https:\/\/www.youtube.com\/user\/LaColmenaEscuela\">canal de Youtube<\/a><\/p>\n\n\n\n<figure class=\"wp-block-embed is-type-video is-provider-youtube wp-block-embed-youtube wp-embed-aspect-4-3 wp-has-aspect-ratio\"><div class=\"wp-block-embed__wrapper\">\n<iframe loading=\"lazy\" title=\"Yo trato - Juan Cruz Caos\" width=\"1200\" height=\"900\" src=\"https:\/\/www.youtube.com\/embed\/UFLkj5ByiM8?feature=oembed\" frameborder=\"0\" allow=\"accelerometer; autoplay; clipboard-write; encrypted-media; gyroscope; picture-in-picture; web-share\" referrerpolicy=\"strict-origin-when-cross-origin\" allowfullscreen><\/iframe>\n<\/div><figcaption class=\"wp-element-caption\">Juan Cruz Ochoa (1\u00b0 a\u00f1o &#8211; Vocalista)<\/figcaption><\/figure>\n\n\n\n<div style=\"height:38px\" aria-hidden=\"true\" class=\"wp-block-spacer\"><\/div>\n\n\n\n<figure class=\"wp-block-embed is-type-video is-provider-youtube wp-block-embed-youtube wp-embed-aspect-16-9 wp-has-aspect-ratio\"><div class=\"wp-block-embed__wrapper\">\n<iframe loading=\"lazy\" title=\"Esporas - Julia Pillet.\" width=\"1200\" height=\"675\" src=\"https:\/\/www.youtube.com\/embed\/fHoTb_yYH5U?feature=oembed\" frameborder=\"0\" allow=\"accelerometer; autoplay; clipboard-write; encrypted-media; gyroscope; picture-in-picture; web-share\" referrerpolicy=\"strict-origin-when-cross-origin\" allowfullscreen><\/iframe>\n<\/div><figcaption class=\"wp-element-caption\">Julia Pillet (2\u00b0a\u00f1o &#8211; Composici\u00f3n, arreglos y producci\u00f3n)<\/figcaption><\/figure>\n\n\n\n<div style=\"height:38px\" aria-hidden=\"true\" class=\"wp-block-spacer\"><\/div>\n\n\n\n<figure class=\"wp-block-embed is-type-video is-provider-youtube wp-block-embed-youtube wp-embed-aspect-16-9 wp-has-aspect-ratio\"><div class=\"wp-block-embed__wrapper\">\n<iframe loading=\"lazy\" title=\"Naranjo en flor (Hnos. Exp\u00f3sito) - Ensamble de tango de La Colmena.\" width=\"1200\" height=\"675\" src=\"https:\/\/www.youtube.com\/embed\/N9lW4s2pq4I?feature=oembed\" frameborder=\"0\" allow=\"accelerometer; autoplay; clipboard-write; encrypted-media; gyroscope; picture-in-picture; web-share\" referrerpolicy=\"strict-origin-when-cross-origin\" allowfullscreen><\/iframe>\n<\/div><figcaption class=\"wp-element-caption\">Rafael R\u00edos Navarrete (3\u00b0 a\u00f1o &#8211; Instrumentista Piano)<\/figcaption><\/figure>\n\n\n\n<div style=\"height:100px\" aria-hidden=\"true\" class=\"wp-block-spacer\"><\/div>\n","protected":false},"excerpt":{"rendered":"<p>Becas N. O\u2019Laughlin La Beca N. O\u2019Laughlin consiste en una ayuda econ\u00f3mica que cubre los gastos de matr\u00edcula y respectivas mensualidades de una a\u00f1o acad\u00e9mico completo. En sus primeras 3 ediciones, el programa pudo otorgar 3 becas por a\u00f1o, distribu\u00eddas en estudiantes de 2do, 3ero y 4to a\u00f1o. A partir de su cuarta edici\u00f3n, en<a class=\"excerpt-read-more\" href=\"https:\/\/www.lacolmenaescuelademusica.edu.ar\/blog\/becas_n_o_laughlin\/\" title=\"Read\">\u2026 Leer m\u00e1s<\/a><\/p>\n","protected":false},"author":2,"featured_media":648,"parent":0,"menu_order":0,"comment_status":"closed","ping_status":"closed","template":"","meta":{"footnotes":""},"class_list":["post-664","page","type-page","status-publish","has-post-thumbnail","hentry"],"_links":{"self":[{"href":"https:\/\/www.lacolmenaescuelademusica.edu.ar\/blog\/wp-json\/wp\/v2\/pages\/664","targetHints":{"allow":["GET"]}}],"collection":[{"href":"https:\/\/www.lacolmenaescuelademusica.edu.ar\/blog\/wp-json\/wp\/v2\/pages"}],"about":[{"href":"https:\/\/www.lacolmenaescuelademusica.edu.ar\/blog\/wp-json\/wp\/v2\/types\/page"}],"author":[{"embeddable":true,"href":"https:\/\/www.lacolmenaescuelademusica.edu.ar\/blog\/wp-json\/wp\/v2\/users\/2"}],"replies":[{"embeddable":true,"href":"https:\/\/www.lacolmenaescuelademusica.edu.ar\/blog\/wp-json\/wp\/v2\/comments?post=664"}],"version-history":[{"count":16,"href":"https:\/\/www.lacolmenaescuelademusica.edu.ar\/blog\/wp-json\/wp\/v2\/pages\/664\/revisions"}],"predecessor-version":[{"id":738,"href":"https:\/\/www.lacolmenaescuelademusica.edu.ar\/blog\/wp-json\/wp\/v2\/pages\/664\/revisions\/738"}],"wp:featuredmedia":[{"embeddable":true,"href":"https:\/\/www.lacolmenaescuelademusica.edu.ar\/blog\/wp-json\/wp\/v2\/media\/648"}],"wp:attachment":[{"href":"https:\/\/www.lacolmenaescuelademusica.edu.ar\/blog\/wp-json\/wp\/v2\/media?parent=664"}],"curies":[{"name":"wp","href":"https:\/\/api.w.org\/{rel}","templated":true}]}}